{"id":940,"date":"2017-07-12T08:49:53","date_gmt":"2017-07-12T06:49:53","guid":{"rendered":"https:\/\/www.sozialwerk-berlin.de\/?page_id=940"},"modified":"2021-08-13T15:26:14","modified_gmt":"2021-08-13T13:26:14","slug":"leichte-sprache","status":"publish","type":"page","link":"https:\/\/www.sozialwerk-berlin.de\/?page_id=940","title":{"rendered":"Leichte Sprache"},"content":{"rendered":"<section id=\"builder-section-1499842095101\" class=\"builder-section-first builder-section builder-section-text builder-section-last builder-text-columns-1\" style=\"background-repeat: repeat;background-position: center center;\">\n<div class=\"builder-section-content\">\n<div class=\"builder-text-row\">\n<div class=\"builder-text-column builder-text-column-1\" id=\"builder-section-1499842095101-column-1\">\n<div class=\"builder-text-content\">\n<h3>Leichte Sprache<\/h3>\n<p>Willkommen beim Sozialwerk Berlin<\/p>\n<p>Der Verein Sozialwerk Berlin e.V. wurde vor vielen Jahren gegr\u00fcndet.<br \/>Das Sozialwerk Berlin ist konfessionell und politisch ungebunden.<br \/>Es ist Mitglied im Deutschen Parit\u00e4tischen Wohlfahrts\u00b7verband.<\/p>\n<p>\u00c4ltere Menschen sollen nicht einsam sein.<br \/>Ein Alten\u00b7selbsthilfe\u00b7zentrum und Beratungs\u00b7zentrum wurde geplant und gebaut.<br \/>Im Sozialwerk Berlin gibt es Veranstaltungen und Interessen\u00b7gruppen.<\/p>\n<p>Drei wichtige Dinge:<br \/>\u2022 Das Zentrum wurde von \u00e4lteren Menschen geplant, mitfinanziert und gebaut.<br \/>\u2022 Das Zentrum wird von \u00e4lteren Menschen gef\u00fchrt.<br \/>\u2022 Das Zentrum ist jeden Tag lange&nbsp;ge\u00f6ffnet.<\/p>\n<p>Die Schwer\u00b7punkte der Arbeit sind:<br \/>Selbst\u00b7hilfe \u2013 Ehren\u00b7amtlichkeit \u2013 Hilfe f\u00fcr Dritte \u2013 Erfahrung\u00b7swissen nutzen.<\/p>\n<p>Das Sozialwerk Berlin e.V. wird von \u00e4lteren Menschen gef\u00fchrt.<\/p>\n<p>\u00c4ltere Menschen k\u00f6nnen ihre Dinge selbst in die Hand nehmen.<br \/>Mit unserem Alten\u00b7selbsthilfe\u00b7zentrum und der Vereins\u00b7arbeit sind neue Ma\u00dfst\u00e4be gesetzt worden.<\/p>\n<p>Wir sind der Meinung:<br \/>Selbst\u00b7hilfe und Selbst\u00b7bestimmung \u00e4lterer Menschen sind die Zukunft f\u00fcr \u00c4ltere<\/p>\n<\/p><\/div>\n<\/p><\/div>\n<\/p><\/div>\n<\/p><\/div>\n<\/section>\n","protected":false},"excerpt":{"rendered":"<p>Leichte Sprache Willkommen beim Sozialwerk Berlin Der Verein Sozialwerk Berlin e.V. wurde vor vielen Jahren gegr\u00fcndet.Das Sozialwerk Berlin ist konfessionell und politisch ungebunden.Es ist Mitglied im Deutschen Parit\u00e4tischen Wohlfahrts\u00b7verband. \u00c4ltere Menschen sollen nicht einsam sein.Ein Alten\u00b7selbsthilfe\u00b7zentrum und Beratungs\u00b7zentrum wurde geplant und gebaut.Im Sozialwerk Berlin gibt es Veranstaltungen und Interessen\u00b7gruppen. Drei wichtige Dinge:\u2022 Das Zentrum wurde &hellip;<\/p>\n","protected":false},"author":8,"featured_media":0,"parent":0,"menu_order":0,"comment_status":"closed","ping_status":"closed","template":"template-builder.php","meta":{"ngg_post_thumbnail":0,"footnotes":""},"class_list":["post-940","page","type-page","status-publish","hentry"],"_links":{"self":[{"href":"https:\/\/www.sozialwerk-berlin.de\/index.php?rest_route=\/wp\/v2\/pages\/940","targetHints":{"allow":["GET"]}}],"collection":[{"href":"https:\/\/www.sozialwerk-berlin.de\/index.php?rest_route=\/wp\/v2\/pages"}],"about":[{"href":"https:\/\/www.sozialwerk-berlin.de\/index.php?rest_route=\/wp\/v2\/types\/page"}],"author":[{"embeddable":true,"href":"https:\/\/www.sozialwerk-berlin.de\/index.php?rest_route=\/wp\/v2\/users\/8"}],"replies":[{"embeddable":true,"href":"https:\/\/www.sozialwerk-berlin.de\/index.php?rest_route=%2Fwp%2Fv2%2Fcomments&post=940"}],"version-history":[{"count":0,"href":"https:\/\/www.sozialwerk-berlin.de\/index.php?rest_route=\/wp\/v2\/pages\/940\/revisions"}],"wp:attachment":[{"href":"https:\/\/www.sozialwerk-berlin.de\/index.php?rest_route=%2Fwp%2Fv2%2Fmedia&parent=940"}],"curies":[{"name":"wp","href":"https:\/\/api.w.org\/{rel}","templated":true}]}}