{"id":2572,"date":"2021-07-20T15:52:57","date_gmt":"2021-07-20T13:52:57","guid":{"rendered":"https:\/\/www.sozialwerk-berlin.de\/?page_id=2572"},"modified":"2025-10-21T11:32:48","modified_gmt":"2025-10-21T09:32:48","slug":"verein","status":"publish","type":"page","link":"https:\/\/www.sozialwerk-berlin.de\/?page_id=2572","title":{"rendered":"Verein"},"content":{"rendered":"\n<p><strong>Verein<\/strong><\/p>\n\n\n\n<p>Unter dem Dach des K\u00e4te-Tresenreuter-Hauses arbeitet das Sozialwerk Berlin e.V.. Das Sozialwerk Berlin ist eine eigenst\u00e4ndige K\u00f6rperschaft mit Vorstand, Mitgliederversammlung und Mitgliedern.<\/p>\n\n\n\n<p>Der Vorstand des Sozialwerks setzt sich wie folgt zusammen:<br>Frau Margit Hankewitz, Vorsitzende<br>Herr Prof. Dr. Herbert Striebeck, stellv. Vorsitzender<br>Frau Judith St\u00fcckler<br>Herr Joachim Kr\u00fcger<br>Herr Jens Mei\u00dfner<br>Herr Peter Stawenow ist Assistent des Vorstands<br><\/p>\n\n\n\n<p><strong>Mitgliedschaft<\/strong><\/p>\n\n\n\n<p>Mit einem Klick auf <a href=\"https:\/\/www.sozialwerk-berlin.de\/wp-content\/uploads\/2023\/05\/Aufnahmeantrag.pdf\">Aufnahmeantrag<\/a> \u00f6ffnet sich ein Formular, das Sie ausdrucken und ausf\u00fcllen k\u00f6nnen. Hierdurch k\u00f6nnen Sie Mitglied im Sozialwerk Berlin e.V. werden.<\/p>\n\n\n\n<p>Geben Sie das ausgef\u00fcllte Formular an der Rezeption im K\u00e4te-Tresenreuter-Haus ab oder<br>senden Sie es per Post, per Mail oder per Telefax an das<br>Sozialwerk Berlin e.V.<br>Humboldtstra\u00dfe 12, 14193 Berlin<br>Telefax: (030) 892 6008<br>Mailanschrift: <a href=\"mailto:sozialwerk@gmx.de\">sozialwerk@gmx.de<\/a><\/p>\n","protected":false},"excerpt":{"rendered":"<p>Verein Unter dem Dach des K\u00e4te-Tresenreuter-Hauses arbeitet das Sozialwerk Berlin e.V.. Das Sozialwerk Berlin ist eine eigenst\u00e4ndige K\u00f6rperschaft mit Vorstand, Mitgliederversammlung und Mitgliedern. Der Vorstand des Sozialwerks setzt sich wie folgt zusammen:Frau Margit Hankewitz, VorsitzendeHerr Prof. Dr. Herbert Striebeck, stellv. VorsitzenderFrau Judith St\u00fccklerHerr Joachim Kr\u00fcgerHerr Jens Mei\u00dfnerHerr Peter Stawenow ist Assistent des Vorstands Mitgliedschaft Mit &hellip;<\/p>\n","protected":false},"author":13,"featured_media":0,"parent":0,"menu_order":0,"comment_status":"closed","ping_status":"closed","template":"","meta":{"ngg_post_thumbnail":0,"footnotes":""},"class_list":["post-2572","page","type-page","status-publish","hentry"],"_links":{"self":[{"href":"https:\/\/www.sozialwerk-berlin.de\/index.php?rest_route=\/wp\/v2\/pages\/2572","targetHints":{"allow":["GET"]}}],"collection":[{"href":"https:\/\/www.sozialwerk-berlin.de\/index.php?rest_route=\/wp\/v2\/pages"}],"about":[{"href":"https:\/\/www.sozialwerk-berlin.de\/index.php?rest_route=\/wp\/v2\/types\/page"}],"author":[{"embeddable":true,"href":"https:\/\/www.sozialwerk-berlin.de\/index.php?rest_route=\/wp\/v2\/users\/13"}],"replies":[{"embeddable":true,"href":"https:\/\/www.sozialwerk-berlin.de\/index.php?rest_route=%2Fwp%2Fv2%2Fcomments&post=2572"}],"version-history":[{"count":0,"href":"https:\/\/www.sozialwerk-berlin.de\/index.php?rest_route=\/wp\/v2\/pages\/2572\/revisions"}],"wp:attachment":[{"href":"https:\/\/www.sozialwerk-berlin.de\/index.php?rest_route=%2Fwp%2Fv2%2Fmedia&parent=2572"}],"curies":[{"name":"wp","href":"https:\/\/api.w.org\/{rel}","templated":true}]}}